{"id":385,"date":"2021-02-26T16:49:36","date_gmt":"2021-02-26T16:49:36","guid":{"rendered":"http:\/\/saulheim-dorfverein.de\/?page_id=385"},"modified":"2024-11-29T08:03:29","modified_gmt":"2024-11-29T08:03:29","slug":"pflanzaktionen","status":"publish","type":"page","link":"https:\/\/saulheim-dorfverein.de\/?page_id=385","title":{"rendered":"Pflanzaktionen"},"content":{"rendered":"\t\t<div data-elementor-type=\"wp-page\" data-elementor-id=\"385\" class=\"elementor elementor-385\">\n\t\t\t\t\t\t<section class=\"elementor-section elementor-top-section elementor-element elementor-element-f90ae15 elementor-section-boxed elementor-section-height-default elementor-section-height-default\" data-id=\"f90ae15\" data-element_type=\"section\" data-e-type=\"section\" data-settings=\"{&quot;background_background&quot;:&quot;classic&quot;}\">\n\t\t\t\t\t\t\t<div class=\"elementor-background-overlay\"><\/div>\n\t\t\t\t\t\t\t<div class=\"elementor-container elementor-column-gap-default\">\n\t\t\t\t\t<div class=\"elementor-column elementor-col-100 elementor-top-column elementor-element elementor-element-699b052\" data-id=\"699b052\" data-element_type=\"column\" data-e-type=\"column\">\n\t\t\t<div class=\"elementor-widget-wrap elementor-element-populated\">\n\t\t\t\t\t\t<div class=\"elementor-element elementor-element-d41dca8 elementor-widget elementor-widget-heading\" data-id=\"d41dca8\" data-element_type=\"widget\" data-e-type=\"widget\" data-widget_type=\"heading.default\">\n\t\t\t\t<div class=\"elementor-widget-container\">\n\t\t\t\t\t<h1 class=\"elementor-heading-title elementor-size-default\">Pflanzaktionen<\/h1>\t\t\t\t<\/div>\n\t\t\t\t<\/div>\n\t\t\t\t\t<\/div>\n\t\t<\/div>\n\t\t\t\t\t<\/div>\n\t\t<\/section>\n\t\t\t\t<section class=\"elementor-section elementor-top-section elementor-element elementor-element-bb7baa1 elementor-section-boxed elementor-section-height-default elementor-section-height-default\" data-id=\"bb7baa1\" data-element_type=\"section\" data-e-type=\"section\">\n\t\t\t\t\t\t<div class=\"elementor-container elementor-column-gap-default\">\n\t\t\t\t\t<div class=\"elementor-column elementor-col-100 elementor-top-column elementor-element elementor-element-8c41d9f\" data-id=\"8c41d9f\" data-element_type=\"column\" data-e-type=\"column\">\n\t\t\t<div class=\"elementor-widget-wrap elementor-element-populated\">\n\t\t\t\t\t\t<div class=\"elementor-element elementor-element-66d276a elementor-widget elementor-widget-heading\" data-id=\"66d276a\" data-element_type=\"widget\" data-e-type=\"widget\" data-widget_type=\"heading.default\">\n\t\t\t\t<div class=\"elementor-widget-container\">\n\t\t\t\t\t<h1 class=\"elementor-heading-title elementor-size-default\">1250 B\u00e4ume f\u00fcr Saulheim<\/h1>\t\t\t\t<\/div>\n\t\t\t\t<\/div>\n\t\t\t\t\t<\/div>\n\t\t<\/div>\n\t\t\t\t\t<\/div>\n\t\t<\/section>\n\t\t\t\t<section class=\"elementor-section elementor-top-section elementor-element elementor-element-5c5ecd6 elementor-section-boxed elementor-section-height-default elementor-section-height-default\" data-id=\"5c5ecd6\" data-element_type=\"section\" data-e-type=\"section\">\n\t\t\t\t\t\t<div class=\"elementor-container elementor-column-gap-default\">\n\t\t\t\t\t<div class=\"elementor-column elementor-col-100 elementor-top-column elementor-element elementor-element-8a27516\" data-id=\"8a27516\" data-element_type=\"column\" data-e-type=\"column\">\n\t\t\t<div class=\"elementor-widget-wrap elementor-element-populated\">\n\t\t\t\t\t\t<div class=\"elementor-element elementor-element-1758319 elementor-widget elementor-widget-text-editor\" data-id=\"1758319\" data-element_type=\"widget\" data-e-type=\"widget\" data-widget_type=\"text-editor.default\">\n\t\t\t\t<div class=\"elementor-widget-container\">\n\t\t\t\t\t\t\t\t\t<p>Aus Anlass des 1250 j\u00e4hrigen Jubil\u00e4ums der Gemeinde Saulheim in 2013 hatte der Saulheimer Dorfverein eine Pflanzaktion ins Leben gerufen:<\/p>\n<p>&#8230; 1250 B\u00e4ume in und vor allem um Saulheim herum, eben in unserer Gemarkung,<br>&#8230; an Ortseing\u00e4ngen, auf Brachfl\u00e4chen oder entlang von Wegen und Gr\u00e4ben zu pflanzen<br>&#8230; nat\u00fcrlich nicht alle auf einmal, aber das Ziel f\u00fcr die n\u00e4chsten Jahre fest im Auge!<\/p>\n<p>Wir w\u00fcnschen uns, dass sich viele B\u00fcrgerInnen aktiv oder passiv, mit mehr oder weniger Einsatz und auch mit mehr oder weniger Finanzmitteln daran beteiligen,denn diese Aktion wirkt \u00fcber das Jubil\u00e4umsjahr hinaus<\/p>\n<p><strong>Der Dorfverein kann das nicht alleine stemmen!<\/strong><\/p>\n<p>Wir m\u00f6chten gerne dieses Ziel gemeinsam mit Ihnen, der Gemeinde, dem Stra\u00dfenbauamt, Institutionen und Vereinen, also vielen Beteiligten erreichen.<br>Wir brauchen Menschen, die geeignete Fl\u00e4chen zum Pflanzen vorschlagen oder zur Verf\u00fcgung stellen ebenso, wie jene die einen Baum spenden wollen oder einen pflanzen wollen oder die Aktion finanziell unterst\u00fctzen.<\/p>\n<p><strong>Machen Sie mit, wir freuen uns !<\/strong><\/p>\n<p>Viele Baumspender m\u00f6chten in der M\u00fchlbachaue pflanzen&#8230;da die Renaturierungsma\u00dfnahme des M\u00fchlbachs mit gro\u00dfer Verz\u00f6gerung erst im September 2014 begonnen hatte und eine Pflanzung ausgeschrieben wurde, waren Pflanzungen nur auf einem angrenzenden Gemeindegrundst\u00fcck m\u00f6glich, im M\u00e4rz 2019 und Oktober 2020.<\/p>\n<p>Mehr kannst du&nbsp;<a href=\"https:\/\/1250-baeume-fuer-saulheim.de\/\" target=\"_blank\" rel=\"noopener\">hier<\/a> erfahren<\/p>\t\t\t\t\t\t\t\t<\/div>\n\t\t\t\t<\/div>\n\t\t\t\t\t<\/div>\n\t\t<\/div>\n\t\t\t\t\t<\/div>\n\t\t<\/section>\n\t\t\t\t<section class=\"elementor-section elementor-top-section elementor-element elementor-element-fb4b522 elementor-section-boxed elementor-section-height-default elementor-section-height-default\" data-id=\"fb4b522\" data-element_type=\"section\" data-e-type=\"section\">\n\t\t\t\t\t\t<div class=\"elementor-container elementor-column-gap-default\">\n\t\t\t\t\t<div class=\"elementor-column elementor-col-100 elementor-top-column elementor-element elementor-element-e55e439\" data-id=\"e55e439\" data-element_type=\"column\" data-e-type=\"column\">\n\t\t\t<div class=\"elementor-widget-wrap elementor-element-populated\">\n\t\t\t\t\t\t<div class=\"elementor-element elementor-element-d1493dd elementor-widget elementor-widget-heading\" data-id=\"d1493dd\" data-element_type=\"widget\" data-e-type=\"widget\" data-widget_type=\"heading.default\">\n\t\t\t\t<div class=\"elementor-widget-container\">\n\t\t\t\t\t<h2 class=\"elementor-heading-title elementor-size-default\">Interaktive Baumkarte<\/h2>\t\t\t\t<\/div>\n\t\t\t\t<\/div>\n\t\t\t\t\t<\/div>\n\t\t<\/div>\n\t\t\t\t\t<\/div>\n\t\t<\/section>\n\t\t\t\t<section class=\"elementor-section elementor-top-section elementor-element elementor-element-fc4b360 elementor-section-boxed elementor-section-height-default elementor-section-height-default\" data-id=\"fc4b360\" data-element_type=\"section\" data-e-type=\"section\">\n\t\t\t\t\t\t<div class=\"elementor-container elementor-column-gap-default\">\n\t\t\t\t\t<div class=\"elementor-column elementor-col-100 elementor-top-column elementor-element elementor-element-6b88b28\" data-id=\"6b88b28\" data-element_type=\"column\" data-e-type=\"column\">\n\t\t\t<div class=\"elementor-widget-wrap elementor-element-populated\">\n\t\t\t\t\t\t<div class=\"elementor-element elementor-element-9e89ce2 elementor-widget elementor-widget-shortcode\" data-id=\"9e89ce2\" data-element_type=\"widget\" data-e-type=\"widget\" data-widget_type=\"shortcode.default\">\n\t\t\t\t<div class=\"elementor-widget-container\">\n\t\t\t\t\t\t\t<div class=\"elementor-shortcode\"><div id=\"travelersmap-container-69e1d9662bb38\" class=\"travelersmap-container\" style=\"z-index: 1; min-height: 10px; min-width:10px; height:600px;width:100%; max-width:; max-height:; position:relative;\"><div style=\"position:absolute; z-index:-1;top: 50%;text-align: center;display: block;left: 50%;transform: translate(-50%,-50%);\">Travelers' Map wird geladen &hellip;<br>Wenn du dies siehst, nachdem deine Seite vollst\u00e4ndig geladen wurde, fehlen leafletJS-Dateien.<\/div><\/div><\/div>\n\t\t\t\t\t\t<\/div>\n\t\t\t\t<\/div>\n\t\t\t\t\t<\/div>\n\t\t<\/div>\n\t\t\t\t\t<\/div>\n\t\t<\/section>\n\t\t\t\t<\/div>\n\t\t","protected":false},"excerpt":{"rendered":"<p>Pflanzaktionen 1250 B\u00e4ume f\u00fcr Saulheim Aus Anlass des 1250 j\u00e4hrigen Jubil\u00e4ums der Gemeinde Saulheim in 2013 hatte der Saulheimer Dorfverein eine Pflanzaktion ins Leben gerufen: &#8230; 1250 B\u00e4ume in und vor allem um Saulheim herum, eben in unserer Gemarkung,&#8230; an Ortseing\u00e4ngen, auf Brachfl\u00e4chen oder entlang von Wegen und Gr\u00e4ben zu pflanzen&#8230; nat\u00fcrlich nicht alle auf [&hellip;]<\/p>\n","protected":false},"author":1,"featured_media":0,"parent":32,"menu_order":0,"comment_status":"closed","ping_status":"closed","template":"","meta":{"site-sidebar-layout":"no-sidebar","site-content-layout":"page-builder","ast-site-content-layout":"full-width-container","site-content-style":"unboxed","site-sidebar-style":"unboxed","ast-global-header-display":"","ast-banner-title-visibility":"","ast-main-header-display":"","ast-hfb-above-header-display":"","ast-hfb-below-header-display":"","ast-hfb-mobile-header-display":"","site-post-title":"disabled","ast-breadcrumbs-content":"","ast-featured-img":"","footer-sml-layout":"","ast-disable-related-posts":"","theme-transparent-header-meta":"enabled","adv-header-id-meta":"","stick-header-meta":"","header-above-stick-meta":"","header-main-stick-meta":"","header-below-stick-meta":"","astra-migrate-meta-layouts":"set","ast-page-background-enabled":"default","ast-page-background-meta":{"desktop":{"background-color":"","background-image":"","background-repeat":"repeat","background-position":"center center","background-size":"auto","background-attachment":"scroll","background-type":"","background-media":"","overlay-type":"","overlay-color":"","overlay-opacity":"","overlay-gradient":""},"tablet":{"background-color":"","background-image":"","background-repeat":"repeat","background-position":"center center","background-size":"auto","background-attachment":"scroll","background-type":"","background-media":"","overlay-type":"","overlay-color":"","overlay-opacity":"","overlay-gradient":""},"mobile":{"background-color":"","background-image":"","background-repeat":"repeat","background-position":"center center","background-size":"auto","background-attachment":"scroll","background-type":"","background-media":"","overlay-type":"","overlay-color":"","overlay-opacity":"","overlay-gradient":""}},"ast-content-background-meta":{"desktop":{"background-color":"var(--ast-global-color-5)","background-image":"","background-repeat":"repeat","background-position":"center center","background-size":"auto","background-attachment":"scroll","background-type":"","background-media":"","overlay-type":"","overlay-color":"","overlay-opacity":"","overlay-gradient":""},"tablet":{"background-color":"var(--ast-global-color-5)","background-image":"","background-repeat":"repeat","background-position":"center center","background-size":"auto","background-attachment":"scroll","background-type":"","background-media":"","overlay-type":"","overlay-color":"","overlay-opacity":"","overlay-gradient":""},"mobile":{"background-color":"var(--ast-global-color-5)","background-image":"","background-repeat":"repeat","background-position":"center center","background-size":"auto","background-attachment":"scroll","background-type":"","background-media":"","overlay-type":"","overlay-color":"","overlay-opacity":"","overlay-gradient":""}},"footnotes":""},"class_list":["post-385","page","type-page","status-publish","hentry"],"_links":{"self":[{"href":"https:\/\/saulheim-dorfverein.de\/index.php?rest_route=\/wp\/v2\/pages\/385","targetHints":{"allow":["GET"]}}],"collection":[{"href":"https:\/\/saulheim-dorfverein.de\/index.php?rest_route=\/wp\/v2\/pages"}],"about":[{"href":"https:\/\/saulheim-dorfverein.de\/index.php?rest_route=\/wp\/v2\/types\/page"}],"author":[{"embeddable":true,"href":"https:\/\/saulheim-dorfverein.de\/index.php?rest_route=\/wp\/v2\/users\/1"}],"replies":[{"embeddable":true,"href":"https:\/\/saulheim-dorfverein.de\/index.php?rest_route=%2Fwp%2Fv2%2Fcomments&post=385"}],"version-history":[{"count":15,"href":"https:\/\/saulheim-dorfverein.de\/index.php?rest_route=\/wp\/v2\/pages\/385\/revisions"}],"predecessor-version":[{"id":1207,"href":"https:\/\/saulheim-dorfverein.de\/index.php?rest_route=\/wp\/v2\/pages\/385\/revisions\/1207"}],"up":[{"embeddable":true,"href":"https:\/\/saulheim-dorfverein.de\/index.php?rest_route=\/wp\/v2\/pages\/32"}],"wp:attachment":[{"href":"https:\/\/saulheim-dorfverein.de\/index.php?rest_route=%2Fwp%2Fv2%2Fmedia&parent=385"}],"curies":[{"name":"wp","href":"https:\/\/api.w.org\/{rel}","templated":true}]}}