{"id":1083,"date":"2023-02-22T16:19:42","date_gmt":"2023-02-22T16:19:42","guid":{"rendered":"https:\/\/saulheim-dorfverein.de\/?page_id=1083"},"modified":"2023-02-22T16:19:42","modified_gmt":"2023-02-22T16:19:42","slug":"datenschutz","status":"publish","type":"page","link":"https:\/\/saulheim-dorfverein.de\/?page_id=1083","title":{"rendered":"Datenschutz"},"content":{"rendered":"\n<figure class=\"wp-block-table\"><table><tbody><tr><td>Unser Anspruch an den Datenschutz<\/td><\/tr><tr><td><\/td><\/tr><tr><td>Der Schutz personenbezogener Daten ist uns ein wichtiges Anliegen. Wir richten unsere Aktivit\u00e4ten in \u00dcbereinstimmung mit den anwendbaren Rechtsvorschriften zum Schutz personenbezogener Daten und zur Datensicherheit aus. Nachfolgend erfahren Sie, welche Informationen wir gegebenenfalls sammeln, wie wir damit umgehen und wem wir sie gegebenenfalls zur Verf\u00fcgung stellen (m\u00fcssen).<\/td><\/tr><tr><td><\/td><\/tr><tr><td><\/td><\/tr><tr><td>Personenbezogene Daten<\/td><\/tr><tr><td><\/td><\/tr><tr><td>\u00dcber unsere Webseite(n) erfassen wir keinerlei personenbezogene Daten (z.B. Namen, Anschriften, Telefonnummern oder E-Mail-Adressen), au\u00dfer wenn Sie uns solche Daten freiwillig zur Verf\u00fcgung stellen (z.B. durch Reservierung, Anfragen, Registrierung, Umfrage, E-Mail, etc.) bzw. eingewilligt haben oder die entsprechenden Rechtsvorschriften \u00fcber den Schutz Ihrer Daten dies erlauben.<\/td><\/tr><tr><td><\/td><\/tr><tr><td><\/td><\/tr><tr><td>Zweckbestimmung<\/td><\/tr><tr><td><\/td><\/tr><tr><td>Die von Ihnen zur Verf\u00fcgung gestellten personenbezogenen Daten verwenden wir im Allgemeinen um Ihre Anfragen zu beantworten, Ihre Auftr\u00e4ge zu bearbeiten oder Ihnen Zugang zu bestimmten Informationen oder Angeboten zu verschaffen. Zur Pflege der Kundenbeziehungen kann es weiterhin n\u00f6tig sein,<br>dass wir Ihre personenbezogenen Daten speichern und verarbeiten, um auf Ihre W\u00fcnsche besser eingehen zu k\u00f6nnen oder unsere Produkte oder Leistungen zu verbessern; oder<br><br>dass wir (oder ein Dritter in unserem Auftrag) diese personenbezogenen Daten verwenden, um Sie \u00fcber weitere Angebote zu informieren, die f\u00fcr Sie von Interesse sein k\u00f6nnen, oder um Online-Umfragen durchzuf\u00fchren, um den Aufgaben und Anforderungen unserer Mitglieder und Interessenten besser gerecht zu werden.<\/td><\/tr><tr><td>Selbstverst\u00e4ndlich respektieren wir es, wenn Sie uns Ihre personenbezogenen Daten nicht zur Unterst\u00fctzung unserer Vereinsbeziehung (z.B. f\u00fcr Direktmarketing) \u00fcberlassen wollen. Wir werde Ihre personenbezogenen Daten weder an Dritte verkaufen noch anderweitig vermarkten.<\/td><\/tr><tr><td><\/td><\/tr><tr><td><\/td><\/tr><tr><td>Zweckgebundene Verwendung<\/td><\/tr><tr><td><\/td><\/tr><tr><td>Wir werden die von Ihnen online zur Verf\u00fcgung gestellten, personenbezogenen Daten nur f\u00fcr die Ihnen mitgeteilten Zwecke erheben, verarbeiten und nutzen, au\u00dfer wenn die Erhebung, Verarbeitung oder Nutzung<\/td><\/tr><tr><td>f\u00fcr einen weiteren Zweck erfolgt, der in direktem Zusammenhang mit dem urspr\u00fcnglichen Zweck steht, zu dem die personenbezogenen Daten erhoben wurden,<br><br>f\u00fcr die Vorbereitung, Verhandlung und Erf\u00fcllung eines Vertrages mit Ihnen erforderlich ist,<br><br>aufgrund rechtlicher Verpflichtung oder beh\u00f6rdlicher oder gerichtlicher Anordnung erforderlich ist,<br><br>zur Begr\u00fcndung oder zum Schutz rechtlicher Anspr\u00fcche oder zur Abwehr von Klagen erforderlich ist<br><br>der Verhinderung von Missbrauch oder sonstiger ungesetzlicher Aktivit\u00e4ten dient, z.B. vors\u00e4tzlicher Angriffe auf unsere Webseite(n) zur Gew\u00e4hrleistung der Datensicherheit.<\/td><\/tr><tr><td><\/td><\/tr><tr><td>Kommunikations- oder nutzungsbezogene Angaben<\/td><\/tr><tr><td><\/td><\/tr><tr><td>Wenn Sie \u00fcber Telekommunikationsdienste auf unsere Webseite(n) zugreifen, werden kommunikationsbezogene Angaben (z.B. Internet-Protokoll-Adresse) bzw. nutzungsbezogene Angaben (z.B. Angaben zu Nutzungsbeginn und -dauer sowie zu den von Ihnen genutzten Telekommunikationsdiensten) mit technischen Mitteln automatisch erzeugt. Diese k\u00f6nnen eventuell R\u00fcckschl\u00fcsse auf personenbezogene Daten zulassen. Soweit eine Erfassung, Verarbeitung und Verwendung Ihrer kommunikations- bzw. nutzungsbezogenen Angaben zwingend notwendig ist, unterliegt diese den gesetzlichen Regelungen zum Datenschutz.<\/td><\/tr><tr><td><\/td><\/tr><tr><td><\/td><\/tr><tr><td>Automatisch erfasste, nicht-personenbezogene Daten<\/td><\/tr><tr><td><\/td><\/tr><tr><td>Wenn Sie auf unsere Webseite(n) zugreifen, werden gelegentlich automatisch (also nicht \u00fcber eine Registrierung) Informationen gesammelt, die&nbsp;<strong>nicht einer bestimmten Person zugeordnet sind<\/strong>&nbsp;(z.B. verwendeter Internet-Browser und Betriebssystem; Domain-Name der Website, von der Sie kamen; Anzahl der Besuche; durchschnittliche Verweilzeit; aufgerufene Seiten, etc.). Wir verwenden diese Informationen, um die Attraktivit\u00e4t unserer Webseite(n) zu ermitteln und deren Leistungsf\u00e4higkeit und Inhalte zu verbessern.<\/td><\/tr><tr><td><\/td><\/tr><tr><td>&#8222;Cookies&#8220; &#8211; Informationen, die automatisch auf Ihrem Rechner abgelegt werden<\/td><\/tr><tr><td><\/td><\/tr><tr><td>Informationen in Form eines &#8222;Cookie&#8220; werden nicht von uns angewendet.<\/td><\/tr><tr><td><\/td><\/tr><tr><td>Links zu anderen Webseiten<\/td><\/tr><tr><td><\/td><\/tr><tr><td>Unsere Webseite(n) enthalten eventuell Links zu anderen Webseiten. Wir sind f\u00fcr die Datenschutz-Erkl\u00e4rungen oder den Inhalt dieser anderen Webseiten nicht verantwortlich.<\/td><\/tr><tr><td><\/td><\/tr><tr><td>Fragen und Anmerkungen<\/td><\/tr><tr><td><\/td><\/tr><tr><td>Sollten Sie Fragen oder Anmerkungen zu dieser Datenschutz-Erkl\u00e4rung haben, nehmen Sie bitte Kontakt mit uns auf. Im Zuge der Weiterentwicklung des Internets werden wir &#8211; wenn n\u00f6tig bzw. gesetzlich gefordert &#8211; auch unsere Datenschutz-Erkl\u00e4rung entsprechend anpassen. Daher sollten Sie diese Seite regelm\u00e4\u00dfig aufrufen, um sich \u00fcber den aktuellen Stand zu informieren.<\/td><\/tr><\/tbody><\/table><\/figure>\n","protected":false},"excerpt":{"rendered":"<p>Unser Anspruch an den Datenschutz Der Schutz personenbezogener Daten ist uns ein wichtiges Anliegen. Wir richten unsere Aktivit\u00e4ten in \u00dcbereinstimmung mit den anwendbaren Rechtsvorschriften zum Schutz personenbezogener Daten und zur Datensicherheit aus. Nachfolgend erfahren Sie, welche Informationen wir gegebenenfalls sammeln, wie wir damit umgehen und wem wir sie gegebenenfalls zur Verf\u00fcgung stellen (m\u00fcssen). Personenbezogene Daten [&hellip;]<\/p>\n","protected":false},"author":1,"featured_media":0,"parent":0,"menu_order":0,"comment_status":"closed","ping_status":"closed","template":"","meta":{"site-sidebar-layout":"default","site-content-layout":"","ast-site-content-layout":"default","site-content-style":"default","site-sidebar-style":"default","ast-global-header-display":"","ast-banner-title-visibility":"","ast-main-header-display":"","ast-hfb-above-header-display":"","ast-hfb-below-header-display":"","ast-hfb-mobile-header-display":"","site-post-title":"","ast-breadcrumbs-content":"","ast-featured-img":"","footer-sml-layout":"","ast-disable-related-posts":"","theme-transparent-header-meta":"","adv-header-id-meta":"","stick-header-meta":"","header-above-stick-meta":"","header-main-stick-meta":"","header-below-stick-meta":"","astra-migrate-meta-layouts":"default","ast-page-background-enabled":"default","ast-page-background-meta":{"desktop":{"background-color":"","background-image":"","background-repeat":"repeat","background-position":"center center","background-size":"auto","background-attachment":"scroll","background-type":"","background-media":"","overlay-type":"","overlay-color":"","overlay-opacity":"","overlay-gradient":""},"tablet":{"background-color":"","background-image":"","background-repeat":"repeat","background-position":"center center","background-size":"auto","background-attachment":"scroll","background-type":"","background-media":"","overlay-type":"","overlay-color":"","overlay-opacity":"","overlay-gradient":""},"mobile":{"background-color":"","background-image":"","background-repeat":"repeat","background-position":"center center","background-size":"auto","background-attachment":"scroll","background-type":"","background-media":"","overlay-type":"","overlay-color":"","overlay-opacity":"","overlay-gradient":""}},"ast-content-background-meta":{"desktop":{"background-color":"var(--ast-global-color-5)","background-image":"","background-repeat":"repeat","background-position":"center center","background-size":"auto","background-attachment":"scroll","background-type":"","background-media":"","overlay-type":"","overlay-color":"","overlay-opacity":"","overlay-gradient":""},"tablet":{"background-color":"var(--ast-global-color-5)","background-image":"","background-repeat":"repeat","background-position":"center center","background-size":"auto","background-attachment":"scroll","background-type":"","background-media":"","overlay-type":"","overlay-color":"","overlay-opacity":"","overlay-gradient":""},"mobile":{"background-color":"var(--ast-global-color-5)","background-image":"","background-repeat":"repeat","background-position":"center center","background-size":"auto","background-attachment":"scroll","background-type":"","background-media":"","overlay-type":"","overlay-color":"","overlay-opacity":"","overlay-gradient":""}},"footnotes":""},"class_list":["post-1083","page","type-page","status-publish","hentry"],"_links":{"self":[{"href":"https:\/\/saulheim-dorfverein.de\/index.php?rest_route=\/wp\/v2\/pages\/1083","targetHints":{"allow":["GET"]}}],"collection":[{"href":"https:\/\/saulheim-dorfverein.de\/index.php?rest_route=\/wp\/v2\/pages"}],"about":[{"href":"https:\/\/saulheim-dorfverein.de\/index.php?rest_route=\/wp\/v2\/types\/page"}],"author":[{"embeddable":true,"href":"https:\/\/saulheim-dorfverein.de\/index.php?rest_route=\/wp\/v2\/users\/1"}],"replies":[{"embeddable":true,"href":"https:\/\/saulheim-dorfverein.de\/index.php?rest_route=%2Fwp%2Fv2%2Fcomments&post=1083"}],"version-history":[{"count":1,"href":"https:\/\/saulheim-dorfverein.de\/index.php?rest_route=\/wp\/v2\/pages\/1083\/revisions"}],"predecessor-version":[{"id":1084,"href":"https:\/\/saulheim-dorfverein.de\/index.php?rest_route=\/wp\/v2\/pages\/1083\/revisions\/1084"}],"wp:attachment":[{"href":"https:\/\/saulheim-dorfverein.de\/index.php?rest_route=%2Fwp%2Fv2%2Fmedia&parent=1083"}],"curies":[{"name":"wp","href":"https:\/\/api.w.org\/{rel}","templated":true}]}}